{"id":899,"date":"2016-04-15T10:59:00","date_gmt":"2016-04-15T08:59:00","guid":{"rendered":"http:\/\/www.composites-ate.com\/?page_id=899"},"modified":"2016-04-27T14:54:31","modified_gmt":"2016-04-27T12:54:31","slug":"ingenieria-en-composites","status":"publish","type":"page","link":"https:\/\/www.composites-ate.com\/ca\/ingenieria-en-composites\/","title":{"rendered":"ENGINYERIA EN COMPOSITES"},"content":{"rendered":"<div class=\"wpb-content-wrapper\"><p>[vc_row row_type=&#8221;row&#8221; use_row_as_full_screen_section=&#8221;no&#8221; type=&#8221;full_width&#8221; angled_section=&#8221;no&#8221; text_align=&#8221;left&#8221; background_image_as_pattern=&#8221;without_pattern&#8221; css_animation=&#8221;&#8221;][vc_column][layerslider_vc id=&#8221;23&#8243;][\/vc_column][\/vc_row][vc_row row_type=&#8221;row&#8221; use_row_as_full_screen_section=&#8221;no&#8221; type=&#8221;grid&#8221; angled_section=&#8221;no&#8221; text_align=&#8221;left&#8221; background_image_as_pattern=&#8221;without_pattern&#8221; css_animation=&#8221;&#8221;][vc_column][vc_separator type=&#8221;transparent&#8221; up=&#8221;40&#8243;][vc_column_text]A <strong>Composites ate<\/strong> oferim solucions integrals (des de la concepci\u00f3 a la fabricaci\u00f3) col\u00b7laborant i compartint el nostre coneixement i capacitats activament amb els departaments t\u00e8cnics dels nostres clients.<\/p>\n<p>&nbsp;<\/p>\n<p>Desenvolupem projectes clau en m\u00e0, gr\u00e0cies a un equip hum\u00e0 altament qualificat i a una estructura s\u00f2lida i departamentada que permet gestionar tot el proc\u00e9s d&#8217;enginyeria de producte.<\/p>\n<p>&nbsp;<\/p>\n<p>Assegurem un desenvolupament de qualitat amb les tecnologies de fabricaci\u00f3 i transformaci\u00f3 de materials comp\u00f2sits m\u00e9s avan\u00e7ades.<\/p>\n<p>&nbsp;<\/p>\n<p>A la nostra planta de fabricaci\u00f3, disposem de centres de mecanitzat, transformat i post-curat tecnol\u00f2gicament punters per a complir amb tots els requeriments del client.[\/vc_column_text][vc_separator type=&#8221;transparent&#8221; up=&#8221;20&#8243;][vc_single_image image=&#8221;1226&#8243; img_size=&#8221;full&#8221; alignment=&#8221;center&#8221; qode_css_animation=&#8221;element_from_left&#8221;][vc_separator type=&#8221;transparent&#8221; up=&#8221;20&#8243;][vc_column_text]Involucrats en projectes estrat\u00e8gics per a nombroses empreses i amb l&#8217;objectiu d&#8217;estar en constant desenvolupament, el nostre departament de <strong>I+D+R<\/strong> s&#8217;encarrega de buscar solucions innovadores en composites. Hem arribat a crear productes com el <strong>Blacktherm<sup>TM<\/sup><\/strong>, inicialment dissenyat per a cobrir una necessitat espec\u00edfica, i que a dia d&#8217;avui compta amb nombroses aplicacions gr\u00e0cies a les seves propietats.[\/vc_column_text][vc_separator type=&#8221;transparent&#8221; up=&#8221;20&#8243;][\/vc_column][\/vc_row][vc_row row_type=&#8221;row&#8221; use_row_as_full_screen_section=&#8221;no&#8221; type=&#8221;grid&#8221; angled_section=&#8221;no&#8221; text_align=&#8221;left&#8221; background_image_as_pattern=&#8221;without_pattern&#8221; css_animation=&#8221;&#8221;][vc_column][vc_separator type=&#8221;transparent&#8221; up=&#8221;20&#8243;][vc_column_text]<\/p>\n<h2 style=\"text-align: left;\">ELS NOSTRES SERVEIS I SOLUCIONS<\/h2>\n<p>[\/vc_column_text][vc_separator type=&#8221;transparent&#8221; up=&#8221;20&#8243;][vc_single_image image=&#8221;1228&#8243; img_size=&#8221;full&#8221; alignment=&#8221;center&#8221; qode_css_animation=&#8221;element_from_right&#8221;][vc_separator type=&#8221;transparent&#8221; up=&#8221;60&#8243;][\/vc_column][\/vc_row]<\/p>\n<\/div>","protected":false},"excerpt":{"rendered":"<p>[vc_row row_type=&#8221;row&#8221; use_row_as_full_screen_section=&#8221;no&#8221; type=&#8221;full_width&#8221; angled_section=&#8221;no&#8221; text_align=&#8221;left&#8221; background_image_as_pattern=&#8221;without_pattern&#8221; css_animation=&#8221;&#8221;][vc_column][layerslider_vc id=&#8221;23&#8243;][\/vc_column][\/vc_row][vc_row row_type=&#8221;row&#8221; use_row_as_full_screen_section=&#8221;no&#8221; type=&#8221;grid&#8221; angled_section=&#8221;no&#8221; text_align=&#8221;left&#8221; background_image_as_pattern=&#8221;without_pattern&#8221; css_animation=&#8221;&#8221;][vc_column][vc_separator type=&#8221;transparent&#8221; up=&#8221;40&#8243;][vc_column_text]A Composites ate oferim solucions integrals (des de la concepci\u00f3 a la fabricaci\u00f3) col\u00b7laborant i compartint el nostre coneixement i capacitats activament amb els departaments t\u00e8cnics dels nostres&#8230;<\/p>\n","protected":false},"author":1,"featured_media":0,"parent":0,"menu_order":0,"comment_status":"closed","ping_status":"closed","template":"full_width.php","meta":{"_monsterinsights_skip_tracking":false,"_monsterinsights_sitenote_active":false,"_monsterinsights_sitenote_note":"","_monsterinsights_sitenote_category":0,"footnotes":""},"class_list":["post-899","page","type-page","status-publish","hentry"],"_links":{"self":[{"href":"https:\/\/www.composites-ate.com\/ca\/wp-json\/wp\/v2\/pages\/899","targetHints":{"allow":["GET"]}}],"collection":[{"href":"https:\/\/www.composites-ate.com\/ca\/wp-json\/wp\/v2\/pages"}],"about":[{"href":"https:\/\/www.composites-ate.com\/ca\/wp-json\/wp\/v2\/types\/page"}],"author":[{"embeddable":true,"href":"https:\/\/www.composites-ate.com\/ca\/wp-json\/wp\/v2\/users\/1"}],"replies":[{"embeddable":true,"href":"https:\/\/www.composites-ate.com\/ca\/wp-json\/wp\/v2\/comments?post=899"}],"version-history":[{"count":6,"href":"https:\/\/www.composites-ate.com\/ca\/wp-json\/wp\/v2\/pages\/899\/revisions"}],"predecessor-version":[{"id":1252,"href":"https:\/\/www.composites-ate.com\/ca\/wp-json\/wp\/v2\/pages\/899\/revisions\/1252"}],"wp:attachment":[{"href":"https:\/\/www.composites-ate.com\/ca\/wp-json\/wp\/v2\/media?parent=899"}],"curies":[{"name":"wp","href":"https:\/\/api.w.org\/{rel}","templated":true}]}}