{"id":972,"date":"2016-04-15T16:14:44","date_gmt":"2016-04-15T14:14:44","guid":{"rendered":"http:\/\/www.composites-ate.com\/?page_id=972"},"modified":"2016-04-26T11:12:31","modified_gmt":"2016-04-26T09:12:31","slug":"aillants-termics-i-electrics","status":"publish","type":"page","link":"https:\/\/www.composites-ate.com\/ca\/aillants-termics-i-electrics\/","title":{"rendered":"Aillants t\u00e8rmics i el\u00e8ctrics"},"content":{"rendered":"<div class=\"wpb-content-wrapper\"><p>[vc_row row_type=&#8221;row&#8221; use_row_as_full_screen_section=&#8221;no&#8221; type=&#8221;grid&#8221; angled_section=&#8221;no&#8221; text_align=&#8221;left&#8221; background_image_as_pattern=&#8221;without_pattern&#8221; css_animation=&#8221;&#8221;][vc_column][vc_separator type=&#8221;transparent&#8221; up=&#8221;40&#8243;][vc_column_text]<\/p>\n<h2>Aillants t\u00e8rmics i el\u00e8ctrics<\/h2>\n<p>[\/vc_column_text][vc_separator type=&#8221;transparent&#8221; up=&#8221;20&#8243;][vc_single_image image=&#8221;158&#8243; img_size=&#8221;full&#8221; alignment=&#8221;center&#8221; onclick=&#8221;link_image&#8221; qode_css_animation=&#8221;&#8221; qode_hover_animation=&#8221;darken&#8221;][vc_separator type=&#8221;transparent&#8221; up=&#8221;40&#8243;]<a  itemprop=\"url\" href=\"http:\/\/www.composites-ate.com\/wp-content\/uploads\/2016\/03\/tabla-materiales.pdf\" target=\"_blank\"  class=\"qbutton  medium default\" style=\"\">Descarregar Taula<i class=\"qode_icon_font_awesome fa fa-arrow-down qode_button_icon_element\" style=\"\" ><\/i><\/a>[vc_separator type=&#8221;transparent&#8221; up=&#8221;15&#8243;][\/vc_column][\/vc_row][vc_row row_type=&#8221;row&#8221; use_row_as_full_screen_section=&#8221;no&#8221; type=&#8221;grid&#8221; angled_section=&#8221;no&#8221; text_align=&#8221;left&#8221; background_image_as_pattern=&#8221;without_pattern&#8221; css_animation=&#8221;&#8221;][vc_column][vc_separator type=&#8221;transparent&#8221; up=&#8221;15&#8243;][vc_tabs style=&#8221;boxed&#8221;][vc_tab title=&#8221;ISOMIK&#8221; tab_id=&#8221;92108cc5-9715-8&#8243;][vc_separator type=&#8221;transparent&#8221; up=&#8221;20&#8243;][vc_column_text]<\/p>\n<h2>ISOMIK<\/h2>\n<p>[\/vc_column_text][vc_separator type=&#8221;transparent&#8221; up=&#8221;40&#8243;][vc_column_text]<\/p>\n<h5>ISOMIK\u2122 \u00e9s una fam\u00edlia de materials a\u00efllants a base de capes de paper de mica integrada, impregnades amb resines de silicona d&#8217;altes propietats t\u00e8rmiques, polimeritzades sota pressi\u00f3 i temperatura a fi de constituir plaques a\u00efllants<\/h5>\n<p>[\/vc_column_text][vc_separator type=&#8221;transparent&#8221; up=&#8221;40&#8243;][vc_column_text]<\/p>\n<h4><span class='highlight' style='color: #fff; background-color:#006f92;'>TIPUS: 9.16<\/span><\/h4>\n<p>[\/vc_column_text][vc_separator type=&#8221;transparent&#8221; up=&#8221;10&#8243;][vc_column_text]<\/p>\n<h4>Correspon a la mica r\u00edgida, a base de mica del tipus muscovita, per a la qual Composites ate compta amb la certificaci\u00f3 UL per demanda del mercat. A requeriment del client es pot subministrar fabricat amb la qualitat flogopita.<\/h4>\n<p>[\/vc_column_text][vc_separator type=&#8221;transparent&#8221; up=&#8221;20px&#8221;][vc_row_inner row_type=&#8221;row&#8221; type=&#8221;full_width&#8221; text_align=&#8221;left&#8221; css_animation=&#8221;&#8221;][vc_column_inner width=&#8221;1\/2&#8243;][vc_column_text]<\/p>\n<h5>PROPIETATS<\/h5>\n<p>[\/vc_column_text][vc_separator type=&#8221;normal&#8221; up=&#8221;10&#8243;][vc_column_text]<\/p>\n<ul>\n<li>Molt baixa emissi\u00f3 de fums.<\/li>\n<li>Resist\u00e8ncia a temperatura de fins a 600\u00b0 C.<\/li>\n<li>Excel\u00b7lent troquelabilitat, fins i tot en peces petites.<\/li>\n<li>Excel\u00b7lents caracter\u00edstiques diel\u00e8ctriques.<\/li>\n<\/ul>\n<p>[\/vc_column_text][\/vc_column_inner][vc_column_inner width=&#8221;1\/2&#8243;][vc_column_text]<\/p>\n<h5>APLICACIONS<\/h5>\n<p>[\/vc_column_text][vc_separator type=&#8221;normal&#8221; up=&#8221;10&#8243;][vc_column_text]<\/p>\n<ul>\n<li>Com a suport per a resist\u00e8ncies.<\/li>\n<li>Plaques d&#8217;a\u00efllament.<\/li>\n<li>Aparells de calefacci\u00f3 el\u00e8ctrica (torradores, assecadors de cabell, calefactors, forns, microones, etc.).<\/li>\n<li>Aparellatge el\u00e8ctric (cambres mata- guspires).<\/li>\n<li>Etc.<\/li>\n<\/ul>\n<p>[\/vc_column_text][\/vc_column_inner][\/vc_row_inner][vc_separator type=&#8221;transparent&#8221; up=&#8221;40&#8243;][vc_column_text]<\/p>\n<h4><span class='highlight' style='color: #fff; background-color:#006f92;'>TIPUS: PH05-F<\/span><\/h4>\n<p>[\/vc_column_text][vc_separator type=&#8221;transparent&#8221; up=&#8221;10&#8243;][vc_column_text]<\/p>\n<h4>Correspon a la mica flexible constitu\u00efda per capes de paper de mica integrada del tipus flogopita, amb un refor\u00e7 de teixit de vidre fi, impregnades amb resines de silicona d&#8217;altes propietats t\u00e8cniques i gran flexibilitat.<\/h4>\n<p>[\/vc_column_text][vc_separator type=&#8221;transparent&#8221; up=&#8221;20px&#8221;][vc_row_inner row_type=&#8221;row&#8221; type=&#8221;full_width&#8221; text_align=&#8221;left&#8221; css_animation=&#8221;&#8221;][vc_column_inner width=&#8221;1\/2&#8243;][vc_column_text]<\/p>\n<h5>PROPIETATS<\/h5>\n<p>[\/vc_column_text][vc_separator type=&#8221;normal&#8221; up=&#8221;10&#8243;][vc_column_text]<\/p>\n<ul>\n<li>Resist\u00e8ncia a temperatura &gt;1000\u00baC.<\/li>\n<li>Excel\u00b7lent troquelabilitat.<\/li>\n<li>Bones propietats diel\u00e8ctriques.<\/li>\n<li>Baixa conductivitat t\u00e8rmica.<\/li>\n<li>Gran flexibilitat.<\/li>\n<\/ul>\n<p>[\/vc_column_text][\/vc_column_inner][vc_column_inner width=&#8221;1\/2&#8243;][vc_column_text]<\/p>\n<h5>APLICACIONS<\/h5>\n<p>[\/vc_column_text][vc_separator type=&#8221;normal&#8221; up=&#8221;10&#8243;][vc_column_text]<\/p>\n<ul>\n<li>Revestiment de forns industrials.<\/li>\n<li>A\u00efllament electrot\u00e8rmic.<\/li>\n<li>Resist\u00e8ncies calefactores cil\u00edndriques o d&#8217;una altra conformaci\u00f3 curvil\u00ednia.<\/li>\n<li>Resist\u00e8ncies planes que hagin de ser conformades posteriorment.<\/li>\n<li>Petits\u00a0electrodom\u00e8stics.<\/li>\n<li>Etc.<\/li>\n<\/ul>\n<p>[\/vc_column_text][\/vc_column_inner][\/vc_row_inner][vc_separator type=&#8221;transparent&#8221; up=&#8221;60&#8243;][\/vc_tab][vc_tab title=&#8221;THERMOMIK&#8221; tab_id=&#8221;133cea41-ac81-8&#8243;][vc_separator type=&#8221;transparent&#8221; up=&#8221;20&#8243;][vc_column_text]<\/p>\n<h2>THERMOMIK<\/h2>\n<p>[\/vc_column_text][vc_separator type=&#8221;transparent&#8221; up=&#8221;40&#8243;][vc_column_text]<\/p>\n<h4><span class='highlight' style='color: #fff; background-color:#006f92;'>TTIPUS: 9.90<\/span><\/h4>\n<p>[\/vc_column_text][vc_separator type=&#8221;transparent&#8221; up=&#8221;10&#8243;][vc_column_text]<\/p>\n<h4>Material compost per capes de paper de mica integrada, impregnades amb resines especials per a altes temperatures, polimeritzades sota pressi\u00f3 i temperatura a fi de constituir plaques r\u00edgides.<\/h4>\n<p>[\/vc_column_text][vc_separator type=&#8221;transparent&#8221; up=&#8221;20&#8243;][vc_row_inner row_type=&#8221;row&#8221; type=&#8221;full_width&#8221; text_align=&#8221;left&#8221; css_animation=&#8221;&#8221;][vc_column_inner width=&#8221;1\/2&#8243;][vc_column_text]<\/p>\n<h5>PROPIETATS<\/h5>\n<p>[\/vc_column_text][vc_separator type=&#8221;normal&#8221; up=&#8221;10&#8243;][vc_column_text]<\/p>\n<ul>\n<li>Resist\u00e8ncia a temperatura fins a 500\u00baC.<\/li>\n<li>Alta resist\u00e8ncia a compressi\u00f3.<\/li>\n<li>Baixa conductivitat t\u00e8rmica.<\/li>\n<li>Excel\u00b7lents caracter\u00edstiques diel\u00e8ctriques.<\/li>\n<li>Bona resist\u00e8ncia a agents qu\u00edmics.<\/li>\n<\/ul>\n<p>[\/vc_column_text][\/vc_column_inner][vc_column_inner width=&#8221;1\/2&#8243;][vc_column_text]<\/p>\n<h5>APLICACIONS<\/h5>\n<p>[\/vc_column_text][vc_separator type=&#8221;normal&#8221; up=&#8221;10&#8243;][vc_column_text]<\/p>\n<ul>\n<li>Barrera contra el foc \/ t\u00e8rmica.<\/li>\n<li>Processos fabricaci\u00f3 a la ind\u00fastria del vidre.<\/li>\n<li>Premses de plats calents.<\/li>\n<li>Motlles d&#8217;injecci\u00f3 i compressi\u00f3.<\/li>\n<li>Forns d&#8217;inducci\u00f3.<\/li>\n<li>Cambres mata- guspires.<\/li>\n<li>Etc.<\/li>\n<\/ul>\n<p>[\/vc_column_text][\/vc_column_inner][\/vc_row_inner][vc_separator type=&#8221;transparent&#8221; up=&#8221;60&#8243;][\/vc_tab][vc_tab title=&#8221;BLACKTHERM&#8221; tab_id=&#8221;1458575956881-2-9&#8243;][vc_separator type=&#8221;transparent&#8221; up=&#8221;20&#8243;][vc_column_text]<\/p>\n<h2>BLACKTHERM<\/h2>\n<p>[\/vc_column_text][vc_separator type=&#8221;transparent&#8221; up=&#8221;40&#8243;][vc_column_text]<\/p>\n<h5>A\u00efllant estratificat a base de teixit de vidre i resina auto-extingible (classe V0), no emet fums t\u00f2xics en cas d&#8217;incendi. En el seu proc\u00e9s de fabricaci\u00f3, el material es premsa a alta pressi\u00f3, dotant-lo d&#8217;un alt percentatge de fibra de vidre, tradu\u00eft en unes bones propietats mec\u00e0niques, t\u00e8rmiques i el\u00e8ctriques.<\/h5>\n<p>[\/vc_column_text][vc_separator type=&#8221;transparent&#8221; up=&#8221;20&#8243;][vc_row_inner row_type=&#8221;row&#8221; type=&#8221;full_width&#8221; text_align=&#8221;left&#8221; css_animation=&#8221;&#8221;][vc_column_inner width=&#8221;1\/2&#8243;][vc_column_text]<\/p>\n<h5>PROPIETATS<\/h5>\n<p>[\/vc_column_text][vc_separator type=&#8221;normal&#8221; up=&#8221;10&#8243;][vc_column_text]<\/p>\n<ul>\n<li>Excel\u00b7lent comportament a compressi\u00f3 a temperatures de 210-220\u00baC i 300\u00baC en punta.<\/li>\n<li>Resist\u00e8ncia a la flama V0<\/li>\n<li>Bones propietats mec\u00e0niques en fred i calent.<\/li>\n<li>Sotm\u00e8s a foc, els fums no s\u00f3n t\u00f2xics.<\/li>\n<li>Excel\u00b7lents propietats diel\u00e8ctriques en calent.<\/li>\n<\/ul>\n<p>[\/vc_column_text][\/vc_column_inner][vc_column_inner width=&#8221;1\/2&#8243;][vc_column_text]<\/p>\n<h5>APLICACIONS<\/h5>\n<p>[\/vc_column_text][vc_separator type=&#8221;normal&#8221; up=&#8221;10&#8243;][vc_column_text]<\/p>\n<ul>\n<li>A\u00efllaments de plats de premsa i motlles d&#8217;injecci\u00f3.<\/li>\n<li>A\u00efllament el\u00e8ctric a alta temperatura.<\/li>\n<li>Etc.<\/li>\n<\/ul>\n<p>[\/vc_column_text][\/vc_column_inner][\/vc_row_inner][vc_separator type=&#8221;transparent&#8221; up=&#8221;60&#8243;][\/vc_tab][vc_tab title=&#8221;ISOVID&#8221; tab_id=&#8221;1458575966369-3-3&#8243;][vc_separator type=&#8221;transparent&#8221; up=&#8221;20&#8243;][vc_column_text]<\/p>\n<h2>ISOVID<\/h2>\n<p>[\/vc_column_text][vc_separator type=&#8221;transparent&#8221; up=&#8221;40&#8243;][vc_column_text]<\/p>\n<h4><span class='highlight' style='color: #fff; background-color:#006f92;'>TIPUS: 8.30, 8.40, 8.42<br \/>\n<\/span><\/h4>\n<p>(Autoextingible)[\/vc_column_text][vc_separator type=&#8221;transparent&#8221; up=&#8221;10&#8243;][vc_column_text]<\/p>\n<h5>A\u00efllants estratificats en forma de plaques a base de teixit de vidre i resina epoxi.<\/h5>\n<p>[\/vc_column_text][vc_separator type=&#8221;transparent&#8221; up=&#8221;20&#8243;][vc_column_text]<\/p>\n<h4><span class='highlight' style='color: #fff; background-color:#006f92;'>TIPUS: 8.31<\/span><\/h4>\n<p>[\/vc_column_text][vc_separator type=&#8221;transparent&#8221; up=&#8221;10&#8243;][vc_column_text]<\/p>\n<h5>Laminat compost per un substrat de teixit de fibra de vidre impregnat en resina epoxi. Compta amb excel\u00b7lents propietats el\u00e8ctriques i mec\u00e0niques gr\u00e0cies al seu proc\u00e9s de fabricaci\u00f3 amb premsat a alta pressi\u00f3.<\/h5>\n<p>[\/vc_column_text][vc_separator type=&#8221;transparent&#8221; up=&#8221;20&#8243;][vc_row_inner row_type=&#8221;row&#8221; type=&#8221;full_width&#8221; text_align=&#8221;left&#8221; css_animation=&#8221;&#8221;][vc_column_inner width=&#8221;1\/2&#8243;][vc_column_text]<\/p>\n<h5>PROPIETATS<\/h5>\n<p>[\/vc_column_text][vc_separator type=&#8221;normal&#8221; up=&#8221;10&#8243;][vc_column_text]<\/p>\n<ul>\n<li>Susceptibilitat higrom\u00e8trica molt baixa.<\/li>\n<li>P\u00e8rdues petites en alta freq\u00fc\u00e8ncia.<\/li>\n<li>Excel\u00b7lents propietats mec\u00e0niques en fred.<\/li>\n<li>Manteniment de bona part d&#8217;aquestes propietats mec\u00e0niques a temperatures fins a 180\u00baC.<\/li>\n<li>Bones propietats diel\u00e8ctriques.<\/li>\n<li>Troquelable en fred fins a 3 mm. de gruix.<\/li>\n<\/ul>\n<p>[\/vc_column_text][\/vc_column_inner][vc_column_inner width=&#8221;1\/2&#8243;][vc_column_text]<\/p>\n<h5>APLICACIONS<\/h5>\n<p>[\/vc_column_text][vc_separator type=&#8221;normal&#8221; up=&#8221;10&#8243;][vc_column_text]<\/p>\n<ul>\n<li>Aparellatges per a alta freq\u00fc\u00e8ncia.<\/li>\n<li>Elements que hagin de suportar esfor\u00e7os din\u00e0mics molt elevats.<\/li>\n<li>Elements que necessitin gran resist\u00e8ncia a la fatiga.<\/li>\n<li>Etc.<\/li>\n<\/ul>\n<p>[\/vc_column_text][\/vc_column_inner][\/vc_row_inner][vc_separator type=&#8221;transparent&#8221; up=&#8221;60&#8243;][\/vc_tab][vc_tab title=&#8221;MATPOL&#8221; tab_id=&#8221;1458575978296-4-6&#8243;][vc_separator type=&#8221;transparent&#8221; up=&#8221;20&#8243;][vc_column_text]<\/p>\n<h2>MATPOL<\/h2>\n<p>[\/vc_column_text][vc_separator type=&#8221;transparent&#8221; up=&#8221;40&#8243;][vc_column_text]<\/p>\n<h4><span class='highlight' style='color: #fff; background-color:#006f92;'>TIPUS: GPO-3<\/span><\/h4>\n<p>[\/vc_column_text][vc_separator type=&#8221;transparent&#8221; up=&#8221;10&#8243;][vc_column_text]<\/p>\n<h5>\u00c9s un material a\u00efllant el\u00e8ctric lliure d\u2019alcalins, fabricat a partir de fibra de vidre i resina de poli\u00e8ster instaurada. Est\u00e0 fabricat a alta pressi\u00f3 i temperatura, de manera que es tracta d&#8217;un material a\u00efllant r\u00edgid. \u00c9s adequat per a \u00fas mec\u00e0nic i el\u00e8ctric.<\/h5>\n<p>[\/vc_column_text][vc_separator type=&#8221;transparent&#8221; up=&#8221;20&#8243;][vc_row_inner row_type=&#8221;row&#8221; type=&#8221;full_width&#8221; text_align=&#8221;left&#8221; css_animation=&#8221;&#8221;][vc_column_inner width=&#8221;1\/2&#8243;][vc_column_text]<\/p>\n<h5>PROPIETATS<\/h5>\n<p>[\/vc_column_text][vc_separator type=&#8221;normal&#8221; up=&#8221;10&#8243;][vc_column_text]<\/p>\n<ul>\n<li>Resist\u00e8ncia a la flama. V0 UL-94.<\/li>\n<li>Bones propietats mec\u00e0niques.<\/li>\n<li>Bones caracter\u00edstiques diel\u00e8ctriques.<\/li>\n<\/ul>\n<p>[\/vc_column_text][\/vc_column_inner][vc_column_inner width=&#8221;1\/2&#8243;][vc_column_text]<\/p>\n<h5>APLICACIONS<\/h5>\n<p>[\/vc_column_text][vc_separator type=&#8221;normal&#8221; up=&#8221;10&#8243;][vc_column_text]<\/p>\n<ul>\n<li>Aparellatge el\u00e8ctric.<\/li>\n<li>Suport de barres.<\/li>\n<li>Plaques separadores.<\/li>\n<li>Caixes el\u00e8ctriques.<\/li>\n<li>Transformadors.<\/li>\n<li>Pe\u00e7a mecanitzada.<\/li>\n<li>Etc.<\/li>\n<\/ul>\n<p>[\/vc_column_text][\/vc_column_inner][\/vc_row_inner][vc_separator type=&#8221;transparent&#8221; up=&#8221;60&#8243;][\/vc_tab][vc_tab title=&#8221;ISOLEX&#8221; tab_id=&#8221;1458575987520-5-1&#8243;][vc_separator type=&#8221;transparent&#8221; up=&#8221;20&#8243;][vc_column_text]<\/p>\n<h2>ISOLEX<\/h2>\n<p>[\/vc_column_text][vc_separator type=&#8221;transparent&#8221; up=&#8221;40&#8243;][vc_column_text]<\/p>\n<h4><span class='highlight' style='color: #fff; background-color:#006f92;'>TTIPUS: 6.10<\/span><\/h4>\n<p>[\/vc_column_text][vc_separator type=&#8221;transparent&#8221; up=&#8221;10&#8243;][vc_column_text]<\/p>\n<h5>\u00c9s un a\u00efllant estratificat en forma de plaques a base de paper Kraft i de resina fen\u00f2lica.<\/h5>\n<p>[\/vc_column_text][vc_separator type=&#8221;transparent&#8221; up=&#8221;20&#8243;][vc_row_inner row_type=&#8221;row&#8221; type=&#8221;full_width&#8221; text_align=&#8221;left&#8221; css_animation=&#8221;&#8221;][vc_column_inner width=&#8221;1\/2&#8243;][vc_column_text]<\/p>\n<h5>PROPIETATS<\/h5>\n<p>[\/vc_column_text][vc_separator type=&#8221;normal&#8221; up=&#8221;10&#8243;][vc_column_text]<\/p>\n<ul>\n<li>Susceptibilitat higrom\u00e8trica mitjana.<\/li>\n<li>Propietats diel\u00e8ctriques mitjanes.<\/li>\n<li>Excel\u00b7lents propietats mec\u00e0niques.<\/li>\n<\/ul>\n<p>[\/vc_column_text][\/vc_column_inner][vc_column_inner width=&#8221;1\/2&#8243;][vc_column_text]<\/p>\n<h5>AAPLICACIONS<\/h5>\n<p>[\/vc_column_text][vc_separator type=&#8221;normal&#8221; up=&#8221;10&#8243;][vc_column_text]<\/p>\n<ul>\n<li>Aplicacions a mitja i baixa tensi\u00f3 dins d&#8217;atmosfera seca o b\u00e9 submergit en oli mineral.<\/li>\n<li>Peces troquelades per aparellatge el\u00e8ctric.<\/li>\n<li>Etc.<\/li>\n<\/ul>\n<p>[\/vc_column_text][\/vc_column_inner][\/vc_row_inner][vc_separator type=&#8221;transparent&#8221; up=&#8221;40&#8243;][vc_column_text]<\/p>\n<h4><span class='highlight' style='color: #fff; background-color:#006f92;'>TIPUS: HPL<\/span><\/h4>\n<p>[\/vc_column_text][vc_separator type=&#8221;transparent&#8221; up=&#8221;10&#8243;][vc_column_text]<\/p>\n<h5>A\u00efllant laminat a alta pressi\u00f3, fet a base de cartr\u00f3 kraft impregnat amb resina termoendurible i posteriorment comprimit a 9 MPa i a 150 \u00baC.<\/h5>\n<p>[\/vc_column_text][vc_separator type=&#8221;transparent&#8221; up=&#8221;20&#8243;][vc_row_inner row_type=&#8221;row&#8221; type=&#8221;full_width&#8221; text_align=&#8221;left&#8221; css_animation=&#8221;&#8221;][vc_column_inner width=&#8221;1\/2&#8243;][vc_column_text]<\/p>\n<h5>PROPIETATS<\/h5>\n<p>[\/vc_column_text][vc_separator type=&#8221;normal&#8221; up=&#8221;10&#8243;][vc_column_text]<\/p>\n<ul>\n<li>Alta resist\u00e8ncia a l&#8217;abrasi\u00f3.<\/li>\n<li>Material hidr\u00f2fug, apte per a ambients humits.<\/li>\n<li>En reacci\u00f3 al foc: baixa emissi\u00f3 de fums.<\/li>\n<li>Bona resist\u00e8ncia a l&#8217;impacte.<\/li>\n<li>Estabilitat dimensional.<\/li>\n<\/ul>\n<p>[\/vc_column_text][\/vc_column_inner][vc_column_inner width=&#8221;1\/2&#8243;][vc_column_text]<\/p>\n<h5>APLICACIONS<\/h5>\n<p>[\/vc_column_text][vc_separator type=&#8221;normal&#8221; up=&#8221;10&#8243;][vc_column_text]<\/p>\n<ul>\n<li>Revestiment exterior en fa\u00e7anes ventilades i parts de fa\u00e7anes.<\/li>\n<li>L\u00e0mines de control solar i tallavistes.<\/li>\n<li>Mobiliari interior i urb\u00e0.<\/li>\n<li>Etc.<\/li>\n<\/ul>\n<p>[\/vc_column_text][\/vc_column_inner][\/vc_row_inner][vc_separator type=&#8221;transparent&#8221; up=&#8221;60&#8243;][\/vc_tab][vc_tab title=&#8221;ISOCOTT&#8221; tab_id=&#8221;1458575998123-6-0&#8243;][vc_separator type=&#8221;transparent&#8221; up=&#8221;20&#8243;][vc_column_text]<\/p>\n<h2>ISOCOTT<\/h2>\n<p>[\/vc_column_text][vc_separator type=&#8221;transparent&#8221; up=&#8221;40&#8243;][vc_column_text]<\/p>\n<h5>Laminat compost per un substrat de teixit de cot\u00f3 impregnat en resina fen\u00f2lica, molt adequat per a aplicacions el\u00e8ctriques o mec\u00e0niques en qu\u00e8 es requereixi bona resist\u00e8ncia a la humitat. Pot ser utilitzat tant com a a\u00efllant el\u00e8ctric o com a pe\u00e7a mec\u00e0nica.<\/h5>\n<p>[\/vc_column_text][vc_separator type=&#8221;transparent&#8221; up=&#8221;40&#8243;][vc_column_text]<\/p>\n<h4><span class='highlight' style='color: #fff; background-color:#006f92;'>TIPUS: 7.20<\/span><\/h4>\n<p>(Teixit de cot\u00f3 fi)[\/vc_column_text][vc_separator type=&#8221;transparent&#8221; up=&#8221;10&#8243;][vc_column_text]<\/p>\n<h4><span class='highlight' style='color: #fff; background-color:#006f92;'>TIPUS: 7.30<\/span><\/h4>\n<p>(Teixit de cot\u00f3 extraf\u00ed).<br \/>\n[\/vc_column_text][vc_separator type=&#8221;transparent&#8221; up=&#8221;20&#8243;][vc_row_inner row_type=&#8221;row&#8221; type=&#8221;full_width&#8221; text_align=&#8221;left&#8221; css_animation=&#8221;&#8221;][vc_column_inner width=&#8221;1\/2&#8243;][vc_column_text]<\/p>\n<h5>PROPIETATS<\/h5>\n<p>[\/vc_column_text][vc_separator type=&#8221;normal&#8221; up=&#8221;10&#8243;][vc_column_text]<\/p>\n<ul>\n<li>Excel\u00b7lents propietats mec\u00e0niques.<\/li>\n<li>Alta resist\u00e8ncia a l&#8217;impacte.<\/li>\n<li>Absorci\u00f3 de vibracions, alta resist\u00e8ncia.<\/li>\n<li>Desgast petit en peces sotmeses a fregament continu.<\/li>\n<\/ul>\n<p>[\/vc_column_text][\/vc_column_inner][vc_column_inner width=&#8221;1\/2&#8243;][vc_column_text]<\/p>\n<h5>APLICACIONS<\/h5>\n<p>[\/vc_column_text][vc_separator type=&#8221;normal&#8221; up=&#8221;10&#8243;][vc_column_text]<\/p>\n<ul>\n<li>Peces mecanitzades de grans dimensions.<\/li>\n<li>Coixinets per a trens de laminaci\u00f3.<\/li>\n<li>Engranatges silenciosos per m\u00f2dul superior a 2,5.<\/li>\n<li>Casquets de coixinet.<\/li>\n<li>Plaques de lliscament.<\/li>\n<li>Resbaladeras.<\/li>\n<li>Patins.<\/li>\n<li>Etc.<\/li>\n<\/ul>\n<p>[\/vc_column_text][\/vc_column_inner][\/vc_row_inner][vc_separator type=&#8221;transparent&#8221; up=&#8221;60&#8243;][\/vc_tab][vc_tab title=&#8221;CARBONOVID&#8221; tab_id=&#8221;1458576006443-7-7&#8243;][vc_separator type=&#8221;transparent&#8221; up=&#8221;20&#8243;][vc_column_text]<\/p>\n<h2>CARBONOVID<\/h2>\n<p>[\/vc_column_text][vc_separator type=&#8221;transparent&#8221; up=&#8221;40&#8243;][vc_column_text]<\/p>\n<h5>El Carbonovid \u00e9s un estratificat a base de teixit de fibra de vidre amb resina epoxy, amb una l\u00e0mina de teixit de fibra de carboni en una de les cares.<\/h5>\n<p>[\/vc_column_text][vc_separator type=&#8221;transparent&#8221; up=&#8221;10&#8243;][vc_column_text]<\/p>\n<h5>Per a m\u00e9s informaci\u00f3 sobre els productes en fibra de carboni que fabrica Composites ate, us convidem a que visiti la nostra botiga online: <a href=\"http:\/\/www.carbonfibra.com\" target=\"_blank\">www.carbonfibra.com<\/a><\/h5>\n<p>[\/vc_column_text][vc_separator type=&#8221;transparent&#8221; down=&#8221;60&#8243;][\/vc_tab][\/vc_tabs][\/vc_column][\/vc_row]<\/p>\n<\/div>","protected":false},"excerpt":{"rendered":"<p>[vc_row row_type=&#8221;row&#8221; use_row_as_full_screen_section=&#8221;no&#8221; type=&#8221;grid&#8221; angled_section=&#8221;no&#8221; text_align=&#8221;left&#8221; background_image_as_pattern=&#8221;without_pattern&#8221; css_animation=&#8221;&#8221;][vc_column][vc_separator type=&#8221;transparent&#8221; up=&#8221;40&#8243;][vc_column_text] Aillants t\u00e8rmics i el\u00e8ctrics [\/vc_column_text][vc_separator type=&#8221;transparent&#8221; up=&#8221;20&#8243;][vc_single_image image=&#8221;158&#8243; img_size=&#8221;full&#8221; alignment=&#8221;center&#8221; onclick=&#8221;link_image&#8221; qode_css_animation=&#8221;&#8221; qode_hover_animation=&#8221;darken&#8221;][vc_separator type=&#8221;transparent&#8221; up=&#8221;40&#8243;][vc_separator type=&#8221;transparent&#8221; up=&#8221;15&#8243;][\/vc_column][\/vc_row][vc_row row_type=&#8221;row&#8221; use_row_as_full_screen_section=&#8221;no&#8221; type=&#8221;grid&#8221; angled_section=&#8221;no&#8221; text_align=&#8221;left&#8221; background_image_as_pattern=&#8221;without_pattern&#8221; css_animation=&#8221;&#8221;][vc_column][vc_separator type=&#8221;transparent&#8221; up=&#8221;15&#8243;][vc_tabs style=&#8221;boxed&#8221;][vc_tab title=&#8221;ISOMIK&#8221; tab_id=&#8221;92108cc5-9715-8&#8243;][vc_separator type=&#8221;transparent&#8221; up=&#8221;20&#8243;][vc_column_text] ISOMIK [\/vc_column_text][vc_separator type=&#8221;transparent&#8221; up=&#8221;40&#8243;][vc_column_text]&#8230;<\/p>\n","protected":false},"author":1,"featured_media":0,"parent":0,"menu_order":0,"comment_status":"closed","ping_status":"closed","template":"full_width.php","meta":{"_monsterinsights_skip_tracking":false,"_monsterinsights_sitenote_active":false,"_monsterinsights_sitenote_note":"","_monsterinsights_sitenote_category":0,"footnotes":""},"class_list":["post-972","page","type-page","status-publish","hentry"],"_links":{"self":[{"href":"https:\/\/www.composites-ate.com\/ca\/wp-json\/wp\/v2\/pages\/972","targetHints":{"allow":["GET"]}}],"collection":[{"href":"https:\/\/www.composites-ate.com\/ca\/wp-json\/wp\/v2\/pages"}],"about":[{"href":"https:\/\/www.composites-ate.com\/ca\/wp-json\/wp\/v2\/types\/page"}],"author":[{"embeddable":true,"href":"https:\/\/www.composites-ate.com\/ca\/wp-json\/wp\/v2\/users\/1"}],"replies":[{"embeddable":true,"href":"https:\/\/www.composites-ate.com\/ca\/wp-json\/wp\/v2\/comments?post=972"}],"version-history":[{"count":1,"href":"https:\/\/www.composites-ate.com\/ca\/wp-json\/wp\/v2\/pages\/972\/revisions"}],"predecessor-version":[{"id":973,"href":"https:\/\/www.composites-ate.com\/ca\/wp-json\/wp\/v2\/pages\/972\/revisions\/973"}],"wp:attachment":[{"href":"https:\/\/www.composites-ate.com\/ca\/wp-json\/wp\/v2\/media?parent=972"}],"curies":[{"name":"wp","href":"https:\/\/api.w.org\/{rel}","templated":true}]}}