{"id":1458,"date":"2024-04-25T17:10:14","date_gmt":"2024-04-25T15:10:14","guid":{"rendered":"https:\/\/www.composites-ate.com\/prensa\/"},"modified":"2025-09-23T09:57:29","modified_gmt":"2025-09-23T07:57:29","slug":"prensa","status":"publish","type":"page","link":"https:\/\/www.composites-ate.com\/en\/prensa\/","title":{"rendered":"PRESS"},"content":{"rendered":"<div class=\"wpb-content-wrapper\"><p>[vc_row css_animation=&#8221;&#8221; row_type=&#8221;row&#8221; use_row_as_full_screen_section=&#8221;no&#8221; type=&#8221;full_width&#8221; angled_section=&#8221;no&#8221; text_align=&#8221;left&#8221; background_image_as_pattern=&#8221;without_pattern&#8221;][vc_column][layerslider_vc id=&#8221;22&#8243;][\/vc_column][\/vc_row][vc_row css_animation=&#8221;&#8221; row_type=&#8221;row&#8221; use_row_as_full_screen_section=&#8221;no&#8221; type=&#8221;grid&#8221; angled_section=&#8221;no&#8221; text_align=&#8221;left&#8221; background_image_as_pattern=&#8221;without_pattern&#8221; background_color=&#8221;#ffffff&#8221;][vc_column][vc_separator type=&#8221;transparent&#8221;][vc_column_text css=&#8221;&#8221;]<\/p>\n<h2>PRESS RELEASES<\/h2>\n<p>[\/vc_column_text][vc_separator type=&#8221;transparent&#8221; up=&#8221;20&#8243;][vc_column_text css=&#8221;&#8221;]<\/p>\n<h4>March 2024<\/h4>\n<p>[\/vc_column_text][vc_column_text css=&#8221;&#8221;]<\/p>\n<h5 style=\"text-align: left;\">Composites ate S.L. announces its participation in a \u20ac2.8 million Eurostar initiative to develop sustainable composites to drive the future of mobility.<\/h5>\n<p>[\/vc_column_text][vc_separator type=&#8221;transparent&#8221;][vc_column_text css=&#8221;&#8221;]Composites ate S.L. is pleased to announce its participation in a \u20ac2.8 million Eurostar program leading a consortium of Spanish, Italian and Swiss companies to accelerate the transition to green mobility. The consortium has received interest from several OEMs in the automotive, aeronautics, rail and maritime sectors.[\/vc_column_text][vc_separator type=&#8221;transparent&#8221;][vc_column_text css=&#8221;&#8221;]The project set up by the consortium is called NERTHUS and is dedicated to achieving two main objectives: the development and industrialization of a new generation of environmentally friendly composites, and the<br \/>\nsubsequent demonstration of their feasibility through specific case studies defined by the participating OEMs. The development and formulation of new materials includes the improvement of the properties of natural fibers and the development of bio-based resins, self-healing resins and fire-resistant resins. By reaching out to specific markets, the Nerthus project aims to showcase the feasibility and inherent benefits of these advanced materials, providing concrete evidence of their transformative<br \/>\npotential in the field of constantly evolving mobility. The contents of the project are strategically aligned with the NextGen objectives of the European Commission, aiming to position Europe as a world reference in sustainable technologies.[\/vc_column_text][vc_separator type=&#8221;transparent&#8221;][vc_column_text css=&#8221;&#8221;]Read the full press release <a href=\"https:\/\/www.composites-ate.com\/press\/PR_Nerthus_V2_ate_ESP.pdf\">here<\/a>.[\/vc_column_text][vc_separator type=&#8221;transparent&#8221; up=&#8221;40&#8243;][vc_row_inner row_type=&#8221;row&#8221; type=&#8221;full_width&#8221; text_align=&#8221;left&#8221; css_animation=&#8221;&#8221;][vc_column_inner width=&#8221;1\/3&#8243;][vc_single_image image=&#8221;1950&#8243; img_size=&#8221;full&#8221; alignment=&#8221;center&#8221; css=&#8221;&#8221; qode_css_animation=&#8221;&#8221;][\/vc_column_inner][vc_column_inner width=&#8221;1\/3&#8243;][vc_single_image image=&#8221;1922&#8243; img_size=&#8221;full&#8221; alignment=&#8221;center&#8221; css=&#8221;&#8221; qode_css_animation=&#8221;&#8221;][\/vc_column_inner][vc_column_inner width=&#8221;1\/3&#8243;][vc_single_image image=&#8221;1956&#8243; img_size=&#8221;full&#8221; alignment=&#8221;center&#8221; css=&#8221;&#8221; qode_css_animation=&#8221;&#8221;][\/vc_column_inner][\/vc_row_inner][vc_separator type=&#8221;normal&#8221;][vc_column_text css=&#8221;&#8221;]<\/p>\n<h4>December 2022<\/h4>\n<p>[\/vc_column_text][vc_column_text css=&#8221;&#8221;]<\/p>\n<h5>Composites ate S.L. announces the award of a grant in the field of Industria Conectada 4.0 (ACTIVA-Financiaci\u00f3n) within the framework of the Plan de Recuperaci\u00f3n, Transformaci\u00f3n y Resiliencia en la anualidad 2022<\/h5>\n<p>[\/vc_column_text][vc_separator type=&#8221;transparent&#8221;][vc_column_text css=&#8221;&#8221;]This call is part of Investment 2, &#8220;Program to Boost Industrial Competitiveness and Sustainability&#8221; and allows our company to remain at the forefront of the sector by incorporating technologies that will allow us to digitalize production (incorporation of MES software), update production equipment, incorporate a new robot with integrated artificial vision and have an e-commerce platform.<\/p>\n<p>You can navigate the website created at <a href=\"http:\/\/www.atecomposites.com\">www.atecomposites.com.<\/a><\/p>\n<p>You can download the press release <a href=\"https:\/\/www.composites-ate.com\/press\/PR_Activa_ate.pdf\">here<\/a>.[\/vc_column_text][vc_row_inner row_type=&#8221;row&#8221; type=&#8221;full_width&#8221; text_align=&#8221;left&#8221; css_animation=&#8221;&#8221;][vc_column_inner][vc_separator type=&#8221;transparent&#8221;][vc_single_image image=&#8221;1982&#8243; img_size=&#8221;full&#8221; alignment=&#8221;center&#8221; css=&#8221;&#8221; qode_css_animation=&#8221;&#8221;][vc_separator type=&#8221;transparent&#8221;][\/vc_column_inner][\/vc_row_inner][\/vc_column][\/vc_row][vc_row css_animation=&#8221;&#8221; row_type=&#8221;row&#8221; use_row_as_full_screen_section=&#8221;no&#8221; type=&#8221;grid&#8221; angled_section=&#8221;no&#8221; text_align=&#8221;left&#8221; background_image_as_pattern=&#8221;without_pattern&#8221;][vc_column][vc_separator type=&#8221;transparent&#8221; up=&#8221;40&#8243;][vc_column_text]<\/p>\n<h2 style=\"text-align: center;\">SECTORS<\/h2>\n<p>[\/vc_column_text][vc_separator type=&#8221;transparent&#8221; up=&#8221;40&#8243;][\/vc_column][\/vc_row][vc_row css_animation=&#8221;element_from_bottom&#8221; row_type=&#8221;row&#8221; use_row_as_full_screen_section=&#8221;no&#8221; type=&#8221;full_width&#8221; angled_section=&#8221;no&#8221; text_align=&#8221;left&#8221; background_image_as_pattern=&#8221;without_pattern&#8221;][vc_column width=&#8221;1\/4&#8243;][vc_separator type=&#8221;transparent&#8221; up=&#8221;20&#8243;]<div class='q_team info_on_hover' ><div class='q_team_inner'><div class='q_team_image'><img itemprop='image' src='https:\/\/www.composites-ate.com\/wp-content\/uploads\/2016\/04\/aeronautico.jpg' alt='Sector-aeron\u00e1utico-Composites_ate' \/><div class='q_team_text' style= ''><div class='q_team_text_holder'><div class='q_team_text_holder_inner'><div class='q_team_text_inner'><div class='q_team_title_holder'><h2 class='q_team_name' style = ''>Aeron\u00e1utico<\/h2><\/div><div class='separator small center' style = ''><\/div><\/div><div class='q_team_social_holder'><\/div><\/div><\/div><\/div><\/div><\/div><\/div>[\/vc_column][vc_column width=&#8221;1\/4&#8243;][vc_separator type=&#8221;transparent&#8221; up=&#8221;20&#8243;]<div class='q_team info_on_hover' ><div class='q_team_inner'><div class='q_team_image'><img itemprop='image' src='https:\/\/www.composites-ate.com\/wp-content\/uploads\/2016\/04\/automocion.jpg' alt='Sector-automoci\u00f3n-Composites_ate' \/><div class='q_team_text' style= ''><div class='q_team_text_holder'><div class='q_team_text_holder_inner'><div class='q_team_text_inner'><div class='q_team_title_holder'><h2 class='q_team_name' style = ''>Automoci\u00f3n<\/h2><\/div><div class='separator small center' style = ''><\/div><\/div><div class='q_team_social_holder'><\/div><\/div><\/div><\/div><\/div><\/div><\/div>[\/vc_column][vc_column width=&#8221;1\/4&#8243;][vc_separator type=&#8221;transparent&#8221; up=&#8221;20&#8243;]<div class='q_team info_on_hover' ><div class='q_team_inner'><div class='q_team_image'><img itemprop='image' src='https:\/\/www.composites-ate.com\/wp-content\/uploads\/2016\/04\/maquinaria.jpg' alt='Sector-maquinaria-Composites_ate' \/><div class='q_team_text' style= ''><div class='q_team_text_holder'><div class='q_team_text_holder_inner'><div class='q_team_text_inner'><div class='q_team_title_holder'><h2 class='q_team_name' style = ''>Maquinaria<\/h2><\/div><div class='separator small center' style = ''><\/div><\/div><div class='q_team_social_holder'><\/div><\/div><\/div><\/div><\/div><\/div><\/div>[\/vc_column][vc_column width=&#8221;1\/4&#8243;][vc_separator type=&#8221;transparent&#8221; up=&#8221;20&#8243;]<div class='q_team info_on_hover' ><div class='q_team_inner'><div class='q_team_image'><img itemprop='image' src='https:\/\/www.composites-ate.com\/wp-content\/uploads\/2016\/04\/electrodomesticos.jpg' alt='Sector-Electrodom\u00e9sticos-Composites_ate' \/><div class='q_team_text' style= ''><div class='q_team_text_holder'><div class='q_team_text_holder_inner'><div class='q_team_text_inner'><div class='q_team_title_holder'><h2 class='q_team_name' style = ''>Electrodom\u00e9sticos<\/h2><\/div><div class='separator small center' style = ''><\/div><\/div><div class='q_team_social_holder'><\/div><\/div><\/div><\/div><\/div><\/div><\/div>[\/vc_column][\/vc_row][vc_row css_animation=&#8221;element_from_bottom&#8221; row_type=&#8221;row&#8221; use_row_as_full_screen_section=&#8221;no&#8221; type=&#8221;full_width&#8221; angled_section=&#8221;no&#8221; text_align=&#8221;left&#8221; background_image_as_pattern=&#8221;without_pattern&#8221;][vc_column width=&#8221;1\/4&#8243;][vc_separator type=&#8221;transparent&#8221; up=&#8221;20&#8243;]<div class='q_team info_on_hover' ><div class='q_team_inner'><div class='q_team_image'><img itemprop='image' src='https:\/\/www.composites-ate.com\/wp-content\/uploads\/2016\/04\/ferroviario.jpg' alt='Sector-Ferroviario-Composites_ate' \/><div class='q_team_text' style= ''><div class='q_team_text_holder'><div class='q_team_text_holder_inner'><div class='q_team_text_inner'><div class='q_team_title_holder'><h2 class='q_team_name' style = ''>Ferroviario<\/h2><\/div><div class='separator small center' style = ''><\/div><\/div><div class='q_team_social_holder'><\/div><\/div><\/div><\/div><\/div><\/div><\/div>[\/vc_column][vc_column width=&#8221;1\/4&#8243;][vc_separator type=&#8221;transparent&#8221; up=&#8221;20&#8243;]<div class='q_team info_on_hover' ><div class='q_team_inner'><div class='q_team_image'><img itemprop='image' src='https:\/\/www.composites-ate.com\/wp-content\/uploads\/2016\/04\/eolico.jpg' alt='Sector-E\u00f3lico-Composites_ate' \/><div class='q_team_text' style= ''><div class='q_team_text_holder'><div class='q_team_text_holder_inner'><div class='q_team_text_inner'><div class='q_team_title_holder'><h2 class='q_team_name' style = ''>E\u00f3lico<\/h2><\/div><div class='separator small center' style = ''><\/div><\/div><div class='q_team_social_holder'><\/div><\/div><\/div><\/div><\/div><\/div><\/div>[\/vc_column][vc_column width=&#8221;1\/4&#8243;][vc_separator type=&#8221;transparent&#8221; up=&#8221;20&#8243;]<div class='q_team info_on_hover' ><div class='q_team_inner'><div class='q_team_image'><img itemprop='image' src='https:\/\/www.composites-ate.com\/wp-content\/uploads\/2016\/03\/electricidad.jpg' alt='electricidad' \/><div class='q_team_text' style= ''><div class='q_team_text_holder'><div class='q_team_text_holder_inner'><div class='q_team_text_inner'><div class='q_team_title_holder'><h2 class='q_team_name' style = ''>El\u00e9ctrico<\/h2><\/div><div class='separator small center' style = ''><\/div><\/div><div class='q_team_social_holder'><\/div><\/div><\/div><\/div><\/div><\/div><\/div>[\/vc_column][vc_column width=&#8221;1\/4&#8243;][vc_separator type=&#8221;transparent&#8221; up=&#8221;20&#8243;]<div class='q_team info_on_hover' ><div class='q_team_inner'><div class='q_team_image'><img itemprop='image' src='https:\/\/www.composites-ate.com\/wp-content\/uploads\/2016\/04\/termico.jpg' alt='Sector-t\u00e9rmico-Composites_ate' \/><div class='q_team_text' style= ''><div class='q_team_text_holder'><div class='q_team_text_holder_inner'><div class='q_team_text_inner'><div class='q_team_title_holder'><h2 class='q_team_name' style = ''>T\u00e9rmico<\/h2><\/div><div class='separator small center' style = ''><\/div><\/div><div class='q_team_social_holder'><\/div><\/div><\/div><\/div><\/div><\/div><\/div>[\/vc_column][\/vc_row][vc_row css_animation=&#8221;element_from_bottom&#8221; row_type=&#8221;row&#8221; use_row_as_full_screen_section=&#8221;no&#8221; type=&#8221;full_width&#8221; angled_section=&#8221;no&#8221; text_align=&#8221;left&#8221; background_image_as_pattern=&#8221;without_pattern&#8221;][vc_column width=&#8221;1\/4&#8243;][vc_separator type=&#8221;transparent&#8221; up=&#8221;20&#8243;]<div class='q_team info_on_hover' ><div class='q_team_inner'><div class='q_team_image'><img itemprop='image' src='https:\/\/www.composites-ate.com\/wp-content\/uploads\/2016\/04\/deportes.jpg' alt='Sector-Deportes-Composites_ate' \/><div class='q_team_text' style= ''><div class='q_team_text_holder'><div class='q_team_text_holder_inner'><div class='q_team_text_inner'><div class='q_team_title_holder'><h2 class='q_team_name' style = ''>Deportes<\/h2><\/div><div class='separator small center' style = ''><\/div><\/div><div class='q_team_social_holder'><\/div><\/div><\/div><\/div><\/div><\/div><\/div>[\/vc_column][vc_column width=&#8221;1\/4&#8243;][vc_separator type=&#8221;transparent&#8221; up=&#8221;20&#8243;]<div class='q_team info_on_hover' ><div class='q_team_inner'><div class='q_team_image'><img itemprop='image' src='https:\/\/www.composites-ate.com\/wp-content\/uploads\/2016\/04\/molde.jpg' alt='Sector-Molde-Composites_ate' \/><div class='q_team_text' style= ''><div class='q_team_text_holder'><div class='q_team_text_holder_inner'><div class='q_team_text_inner'><div class='q_team_title_holder'><h2 class='q_team_name' style = ''>Molde<\/h2><\/div><div class='separator small center' style = ''><\/div><\/div><div class='q_team_social_holder'><\/div><\/div><\/div><\/div><\/div><\/div><\/div>[\/vc_column][vc_column width=&#8221;1\/4&#8243;][vc_separator type=&#8221;transparent&#8221; up=&#8221;20&#8243;]<div class='q_team info_on_hover' ><div class='q_team_inner'><div class='q_team_image'><img itemprop='image' src='https:\/\/www.composites-ate.com\/wp-content\/uploads\/2016\/04\/otros.jpg' alt='Otros_sectores-Composites_ate' \/><div class='q_team_text' style= ''><div class='q_team_text_holder'><div class='q_team_text_holder_inner'><div class='q_team_text_inner'><div class='q_team_title_holder'><h2 class='q_team_name' style = ''>Otros sectores<\/h2><\/div><div class='separator small center' style = ''><\/div><\/div><div class='q_team_social_holder'><\/div><\/div><\/div><\/div><\/div><\/div><\/div>[\/vc_column][vc_column width=&#8221;1\/4&#8243;][vc_separator type=&#8221;transparent&#8221; up=&#8221;20&#8243;]<div class='q_team info_on_hover' ><div class='q_team_inner'><div class='q_team_image'><img itemprop='image' src='https:\/\/www.composites-ate.com\/wp-content\/uploads\/2016\/04\/ate-servicios.jpg' alt='Sector-ate-servicios-Composites_ate' \/><div class='q_team_text' style= ''><div class='q_team_text_holder'><div class='q_team_text_holder_inner'><div class='q_team_text_inner'><div class='q_team_title_holder'><h2 class='q_team_name' style = ''>Siempre a su servicio<\/h2><\/div><div class='separator small center' style = ''><\/div><\/div><div class='q_team_social_holder'><\/div><\/div><\/div><\/div><\/div><\/div><\/div>[\/vc_column][\/vc_row][vc_row css_animation=&#8221;&#8221; row_type=&#8221;row&#8221; use_row_as_full_screen_section=&#8221;no&#8221; type=&#8221;full_width&#8221; angled_section=&#8221;no&#8221; text_align=&#8221;left&#8221; background_image_as_pattern=&#8221;without_pattern&#8221;][vc_column][vc_separator type=&#8221;transparent&#8221; up=&#8221;60&#8243;][\/vc_column][\/vc_row]<\/p>\n<\/div>","protected":false},"excerpt":{"rendered":"<p>[vc_row css_animation=&#8221;&#8221; row_type=&#8221;row&#8221; use_row_as_full_screen_section=&#8221;no&#8221; type=&#8221;full_width&#8221; angled_section=&#8221;no&#8221; text_align=&#8221;left&#8221; background_image_as_pattern=&#8221;without_pattern&#8221;][vc_column][layerslider_vc id=&#8221;22&#8243;][\/vc_column][\/vc_row][vc_row css_animation=&#8221;&#8221; row_type=&#8221;row&#8221; use_row_as_full_screen_section=&#8221;no&#8221; type=&#8221;grid&#8221; angled_section=&#8221;no&#8221; text_align=&#8221;left&#8221; background_image_as_pattern=&#8221;without_pattern&#8221; background_color=&#8221;#ffffff&#8221;][vc_column][vc_separator type=&#8221;transparent&#8221;][vc_column_text css=&#8221;&#8221;] PRESS RELEASES [\/vc_column_text][vc_separator type=&#8221;transparent&#8221; up=&#8221;20&#8243;][vc_column_text css=&#8221;&#8221;] March 2024 [\/vc_column_text][vc_column_text css=&#8221;&#8221;] Composites ate S.L. announces its participation in a \u20ac2.8 million Eurostar initiative to develop sustainable composites&#8230;<\/p>\n","protected":false},"author":2,"featured_media":0,"parent":0,"menu_order":0,"comment_status":"closed","ping_status":"closed","template":"full_width.php","meta":{"_monsterinsights_skip_tracking":false,"_monsterinsights_sitenote_active":false,"_monsterinsights_sitenote_note":"","_monsterinsights_sitenote_category":0,"footnotes":""},"class_list":["post-1458","page","type-page","status-publish","hentry"],"_links":{"self":[{"href":"https:\/\/www.composites-ate.com\/en\/wp-json\/wp\/v2\/pages\/1458","targetHints":{"allow":["GET"]}}],"collection":[{"href":"https:\/\/www.composites-ate.com\/en\/wp-json\/wp\/v2\/pages"}],"about":[{"href":"https:\/\/www.composites-ate.com\/en\/wp-json\/wp\/v2\/types\/page"}],"author":[{"embeddable":true,"href":"https:\/\/www.composites-ate.com\/en\/wp-json\/wp\/v2\/users\/2"}],"replies":[{"embeddable":true,"href":"https:\/\/www.composites-ate.com\/en\/wp-json\/wp\/v2\/comments?post=1458"}],"version-history":[{"count":17,"href":"https:\/\/www.composites-ate.com\/en\/wp-json\/wp\/v2\/pages\/1458\/revisions"}],"predecessor-version":[{"id":1986,"href":"https:\/\/www.composites-ate.com\/en\/wp-json\/wp\/v2\/pages\/1458\/revisions\/1986"}],"wp:attachment":[{"href":"https:\/\/www.composites-ate.com\/en\/wp-json\/wp\/v2\/media?parent=1458"}],"curies":[{"name":"wp","href":"https:\/\/api.w.org\/{rel}","templated":true}]}}