{"id":1208,"date":"2016-04-25T23:09:01","date_gmt":"2016-04-25T21:09:01","guid":{"rendered":"http:\/\/www.composites-ate.com\/?page_id=1208&#038;lang=fr"},"modified":"2016-04-27T14:52:03","modified_gmt":"2016-04-27T12:52:03","slug":"debut","status":"publish","type":"page","link":"https:\/\/www.composites-ate.com\/fr\/","title":{"rendered":"D\u00c9BUT"},"content":{"rendered":"<div class=\"wpb-content-wrapper\"><p>[vc_row row_type=\u00a0\u00bbrow\u00a0\u00bb use_row_as_full_screen_section=\u00a0\u00bbno\u00a0\u00bb type=\u00a0\u00bbfull_width\u00a0\u00bb angled_section=\u00a0\u00bbno\u00a0\u00bb text_align=\u00a0\u00bbleft\u00a0\u00bb background_image_as_pattern=\u00a0\u00bbwithout_pattern\u00a0\u00bb css_animation=\u00a0\u00bb\u00a0\u00bb][vc_column][layerslider_vc id=\u00a0\u00bb40&Prime;][\/vc_column][\/vc_row][vc_row row_type=\u00a0\u00bbrow\u00a0\u00bb use_row_as_full_screen_section=\u00a0\u00bbno\u00a0\u00bb type=\u00a0\u00bbgrid\u00a0\u00bb angled_section=\u00a0\u00bbno\u00a0\u00bb text_align=\u00a0\u00bbleft\u00a0\u00bb background_image_as_pattern=\u00a0\u00bbwithout_pattern\u00a0\u00bb background_color=\u00a0\u00bb#ffffff\u00a0\u00bb css_animation=\u00a0\u00bb\u00a0\u00bb][vc_column][vc_separator type=\u00a0\u00bbtransparent\u00a0\u00bb up=\u00a0\u00bb40&Prime;][vc_column_text]<\/p>\n<h2>Composites ate<\/h2>\n<p>[\/vc_column_text][vc_separator type=\u00a0\u00bbtransparent\u00a0\u00bb up=\u00a0\u00bb20&Prime;][vc_column_text]Les fabricants de mat\u00e9riaux composites et d&rsquo;ing\u00e9nierie de produits depuis 1997.<\/p>\n<p>&nbsp;<\/p>\n<p>Avec une vaste exp\u00e9rience dans le d\u00e9veloppement des composites, nous offrons des solutions techniques et exclusifs pour les principaux secteurs industriels.<\/p>\n<p>&nbsp;<\/p>\n<p>L&rsquo;innovation constante dans le d\u00e9veloppement de solutions avec un haut degr\u00e9 de difficult\u00e9 et de nouveaux mat\u00e9riaux depuis 20 ans, nous a ouvert les portes \u00e0 des secteurs strat\u00e9giques dans lesquels nous offrons des services d&rsquo;ing\u00e9nierie int\u00e9gr\u00e9s, devenant, aujourd&rsquo;hui, un fournisseur de r\u00e9f\u00e9rence des principales entreprises leader dans l&rsquo;industrie.<\/p>\n<p>&nbsp;<\/p>\n<p>Notre exp\u00e9rience et solvabilit\u00e9 dans le domaine des composites nous a transform\u00e9 en une entreprise qui collabore avec les clients pour trouver des solutions \u00e0 leurs besoins, impliquant toutes nos capacit\u00e9s et savoir-faire.<\/p>\n<p>&nbsp;<\/p>\n<p>Nous contr\u00f4lons le d\u00e9veloppement de produits, depuis la conception de l&rsquo;id\u00e9e et solution technique jusqu&rsquo;\u00e0 la fabrication.<\/p>\n<p>&nbsp;<\/p>\n<p>Nous assurons la comp\u00e9titivit\u00e9 de nos services gr\u00e2ce \u00e0 l&rsquo;int\u00e9gration de l&rsquo;ensemble du processus dans notre usine, o\u00f9 nous optimisons les ressources et choisissons les technologies les plus appropri\u00e9es pour chaque cas personnalis\u00e9.[\/vc_column_text][vc_separator type=\u00a0\u00bbtransparent\u00a0\u00bb up=\u00a0\u00bb40&Prime;][\/vc_column][\/vc_row][vc_row row_type=\u00a0\u00bbrow\u00a0\u00bb use_row_as_full_screen_section=\u00a0\u00bbno\u00a0\u00bb type=\u00a0\u00bbgrid\u00a0\u00bb angled_section=\u00a0\u00bbno\u00a0\u00bb text_align=\u00a0\u00bbleft\u00a0\u00bb background_image_as_pattern=\u00a0\u00bbwithout_pattern\u00a0\u00bb css_animation=\u00a0\u00bb\u00a0\u00bb][vc_column][vc_separator type=\u00a0\u00bbtransparent\u00a0\u00bb up=\u00a0\u00bb40&Prime;][vc_column_text]<\/p>\n<h2 style=\"text-align: center;\">SECTEURS<\/h2>\n<p>[\/vc_column_text][vc_separator type=\u00a0\u00bbtransparent\u00a0\u00bb up=\u00a0\u00bb40&Prime;][\/vc_column][\/vc_row][vc_row row_type=\u00a0\u00bbrow\u00a0\u00bb use_row_as_full_screen_section=\u00a0\u00bbno\u00a0\u00bb type=\u00a0\u00bbfull_width\u00a0\u00bb angled_section=\u00a0\u00bbno\u00a0\u00bb text_align=\u00a0\u00bbleft\u00a0\u00bb background_image_as_pattern=\u00a0\u00bbwithout_pattern\u00a0\u00bb css_animation=\u00a0\u00bbelement_from_bottom\u00a0\u00bb][vc_column width=\u00a0\u00bb1\/4&Prime;][vc_separator type=\u00a0\u00bbtransparent\u00a0\u00bb up=\u00a0\u00bb20&Prime;]<div class='q_team info_on_hover' ><div class='q_team_inner'><div class='q_team_image'><img itemprop='image' src='https:\/\/www.composites-ate.com\/wp-content\/uploads\/2016\/04\/aeronautico.jpg' alt='Sector-aeron\u00e1utico-Composites_ate' \/><div class='q_team_text' style= ''><div class='q_team_text_holder'><div class='q_team_text_holder_inner'><div class='q_team_text_inner'><div class='q_team_title_holder'><h2 class='q_team_name' style = ''>A\u00e9ronautique<\/h2><\/div><div class='separator small center' style = ''><\/div><\/div><div class='q_team_social_holder'><\/div><\/div><\/div><\/div><\/div><\/div><\/div>[\/vc_column][vc_column width=\u00a0\u00bb1\/4&Prime;][vc_separator type=\u00a0\u00bbtransparent\u00a0\u00bb up=\u00a0\u00bb20&Prime;]<div class='q_team info_on_hover' ><div class='q_team_inner'><div class='q_team_image'><img itemprop='image' src='https:\/\/www.composites-ate.com\/wp-content\/uploads\/2016\/04\/automocion.jpg' alt='Sector-automoci\u00f3n-Composites_ate' \/><div class='q_team_text' style= ''><div class='q_team_text_holder'><div class='q_team_text_holder_inner'><div class='q_team_text_inner'><div class='q_team_title_holder'><h2 class='q_team_name' style = ''>Automobile<\/h2><\/div><div class='separator small center' style = ''><\/div><\/div><div class='q_team_social_holder'><\/div><\/div><\/div><\/div><\/div><\/div><\/div>[\/vc_column][vc_column width=\u00a0\u00bb1\/4&Prime;][vc_separator type=\u00a0\u00bbtransparent\u00a0\u00bb up=\u00a0\u00bb20&Prime;]<div class='q_team info_on_hover' ><div class='q_team_inner'><div class='q_team_image'><img itemprop='image' src='https:\/\/www.composites-ate.com\/wp-content\/uploads\/2016\/04\/maquinaria.jpg' alt='Sector-maquinaria-Composites_ate' \/><div class='q_team_text' style= ''><div class='q_team_text_holder'><div class='q_team_text_holder_inner'><div class='q_team_text_inner'><div class='q_team_title_holder'><h2 class='q_team_name' style = ''>Machines<\/h2><\/div><div class='separator small center' style = ''><\/div><\/div><div class='q_team_social_holder'><\/div><\/div><\/div><\/div><\/div><\/div><\/div>[\/vc_column][vc_column width=\u00a0\u00bb1\/4&Prime;][vc_separator type=\u00a0\u00bbtransparent\u00a0\u00bb up=\u00a0\u00bb20&Prime;]<div class='q_team info_on_hover' ><div class='q_team_inner'><div class='q_team_image'><img itemprop='image' src='https:\/\/www.composites-ate.com\/wp-content\/uploads\/2016\/04\/electrodomesticos.jpg' alt='Sector-Electrodom\u00e9sticos-Composites_ate' \/><div class='q_team_text' style= ''><div class='q_team_text_holder'><div class='q_team_text_holder_inner'><div class='q_team_text_inner'><div class='q_team_title_holder'><h2 class='q_team_name' style = ''>\u00c9lectrom\u00e9nager<\/h2><\/div><div class='separator small center' style = ''><\/div><\/div><div class='q_team_social_holder'><\/div><\/div><\/div><\/div><\/div><\/div><\/div>[\/vc_column][\/vc_row][vc_row row_type=\u00a0\u00bbrow\u00a0\u00bb use_row_as_full_screen_section=\u00a0\u00bbno\u00a0\u00bb type=\u00a0\u00bbfull_width\u00a0\u00bb angled_section=\u00a0\u00bbno\u00a0\u00bb text_align=\u00a0\u00bbleft\u00a0\u00bb background_image_as_pattern=\u00a0\u00bbwithout_pattern\u00a0\u00bb css_animation=\u00a0\u00bbelement_from_bottom\u00a0\u00bb][vc_column width=\u00a0\u00bb1\/4&Prime;][vc_separator type=\u00a0\u00bbtransparent\u00a0\u00bb up=\u00a0\u00bb20&Prime;]<div class='q_team info_on_hover' ><div class='q_team_inner'><div class='q_team_image'><img itemprop='image' src='https:\/\/www.composites-ate.com\/wp-content\/uploads\/2016\/04\/ferroviario.jpg' alt='Sector-Ferroviario-Composites_ate' \/><div class='q_team_text' style= ''><div class='q_team_text_holder'><div class='q_team_text_holder_inner'><div class='q_team_text_inner'><div class='q_team_title_holder'><h2 class='q_team_name' style = ''>Ferroviaire<\/h2><\/div><div class='separator small center' style = ''><\/div><\/div><div class='q_team_social_holder'><\/div><\/div><\/div><\/div><\/div><\/div><\/div>[\/vc_column][vc_column width=\u00a0\u00bb1\/4&Prime;][vc_separator type=\u00a0\u00bbtransparent\u00a0\u00bb up=\u00a0\u00bb20&Prime;]<div class='q_team info_on_hover' ><div class='q_team_inner'><div class='q_team_image'><img itemprop='image' src='https:\/\/www.composites-ate.com\/wp-content\/uploads\/2016\/04\/eolico.jpg' alt='Sector-E\u00f3lico-Composites_ate' \/><div class='q_team_text' style= ''><div class='q_team_text_holder'><div class='q_team_text_holder_inner'><div class='q_team_text_inner'><div class='q_team_title_holder'><h2 class='q_team_name' style = ''>\u00c9nergie \u00e9olienne<\/h2><\/div><div class='separator small center' style = ''><\/div><\/div><div class='q_team_social_holder'><\/div><\/div><\/div><\/div><\/div><\/div><\/div>[\/vc_column][vc_column width=\u00a0\u00bb1\/4&Prime;][vc_separator type=\u00a0\u00bbtransparent\u00a0\u00bb up=\u00a0\u00bb20&Prime;]<div class='q_team info_on_hover' ><div class='q_team_inner'><div class='q_team_image'><img itemprop='image' src='https:\/\/www.composites-ate.com\/wp-content\/uploads\/2016\/03\/electricidad.jpg' alt='electricidad' \/><div class='q_team_text' style= ''><div class='q_team_text_holder'><div class='q_team_text_holder_inner'><div class='q_team_text_inner'><div class='q_team_title_holder'><h2 class='q_team_name' style = ''>Electrique<\/h2><\/div><div class='separator small center' style = ''><\/div><\/div><div class='q_team_social_holder'><\/div><\/div><\/div><\/div><\/div><\/div><\/div>[\/vc_column][vc_column width=\u00a0\u00bb1\/4&Prime;][vc_separator type=\u00a0\u00bbtransparent\u00a0\u00bb up=\u00a0\u00bb20&Prime;]<div class='q_team info_on_hover' ><div class='q_team_inner'><div class='q_team_image'><img itemprop='image' src='https:\/\/www.composites-ate.com\/wp-content\/uploads\/2016\/04\/termico.jpg' alt='Sector-t\u00e9rmico-Composites_ate' \/><div class='q_team_text' style= ''><div class='q_team_text_holder'><div class='q_team_text_holder_inner'><div class='q_team_text_inner'><div class='q_team_title_holder'><h2 class='q_team_name' style = ''>Thermique<\/h2><\/div><div class='separator small center' style = ''><\/div><\/div><div class='q_team_social_holder'><\/div><\/div><\/div><\/div><\/div><\/div><\/div>[\/vc_column][\/vc_row][vc_row row_type=\u00a0\u00bbrow\u00a0\u00bb use_row_as_full_screen_section=\u00a0\u00bbno\u00a0\u00bb type=\u00a0\u00bbfull_width\u00a0\u00bb angled_section=\u00a0\u00bbno\u00a0\u00bb text_align=\u00a0\u00bbleft\u00a0\u00bb background_image_as_pattern=\u00a0\u00bbwithout_pattern\u00a0\u00bb css_animation=\u00a0\u00bbelement_from_bottom\u00a0\u00bb][vc_column width=\u00a0\u00bb1\/4&Prime;][vc_separator type=\u00a0\u00bbtransparent\u00a0\u00bb up=\u00a0\u00bb20&Prime;]<div class='q_team info_on_hover' ><div class='q_team_inner'><div class='q_team_image'><img itemprop='image' src='https:\/\/www.composites-ate.com\/wp-content\/uploads\/2016\/04\/deportes.jpg' alt='Sector-Deportes-Composites_ate' \/><div class='q_team_text' style= ''><div class='q_team_text_holder'><div class='q_team_text_holder_inner'><div class='q_team_text_inner'><div class='q_team_title_holder'><h2 class='q_team_name' style = ''>Sports<\/h2><\/div><div class='separator small center' style = ''><\/div><\/div><div class='q_team_social_holder'><\/div><\/div><\/div><\/div><\/div><\/div><\/div>[\/vc_column][vc_column width=\u00a0\u00bb1\/4&Prime;][vc_separator type=\u00a0\u00bbtransparent\u00a0\u00bb up=\u00a0\u00bb20&Prime;]<div class='q_team info_on_hover' ><div class='q_team_inner'><div class='q_team_image'><img itemprop='image' src='https:\/\/www.composites-ate.com\/wp-content\/uploads\/2016\/04\/molde.jpg' alt='Sector-Molde-Composites_ate' \/><div class='q_team_text' style= ''><div class='q_team_text_holder'><div class='q_team_text_holder_inner'><div class='q_team_text_inner'><div class='q_team_title_holder'><h2 class='q_team_name' style = ''>Moulistes<\/h2><\/div><div class='separator small center' style = ''><\/div><\/div><div class='q_team_social_holder'><\/div><\/div><\/div><\/div><\/div><\/div><\/div>[\/vc_column][vc_column width=\u00a0\u00bb1\/4&Prime;][vc_separator type=\u00a0\u00bbtransparent\u00a0\u00bb up=\u00a0\u00bb20&Prime;]<div class='q_team info_on_hover' ><div class='q_team_inner'><div class='q_team_image'><img itemprop='image' src='https:\/\/www.composites-ate.com\/wp-content\/uploads\/2016\/04\/otros.jpg' alt='Otros_sectores-Composites_ate' \/><div class='q_team_text' style= ''><div class='q_team_text_holder'><div class='q_team_text_holder_inner'><div class='q_team_text_inner'><div class='q_team_title_holder'><h2 class='q_team_name' style = ''>Autres secteurs<\/h2><\/div><div class='separator small center' style = ''><\/div><\/div><div class='q_team_social_holder'><\/div><\/div><\/div><\/div><\/div><\/div><\/div>[\/vc_column][vc_column width=\u00a0\u00bb1\/4&Prime;][vc_separator type=\u00a0\u00bbtransparent\u00a0\u00bb up=\u00a0\u00bb20&Prime;]<div class='q_team info_on_hover' ><div class='q_team_inner'><div class='q_team_image'><img itemprop='image' src='https:\/\/www.composites-ate.com\/wp-content\/uploads\/2016\/04\/ate-servicios.jpg' alt='Sector-ate-servicios-Composites_ate' \/><div class='q_team_text' style= ''><div class='q_team_text_holder'><div class='q_team_text_holder_inner'><div class='q_team_text_inner'><div class='q_team_title_holder'><h2 class='q_team_name' style = ''>Toujours \u00e0 votre service<\/h2><\/div><div class='separator small center' style = ''><\/div><\/div><div class='q_team_social_holder'><\/div><\/div><\/div><\/div><\/div><\/div><\/div>[\/vc_column][\/vc_row][vc_row row_type=\u00a0\u00bbrow\u00a0\u00bb use_row_as_full_screen_section=\u00a0\u00bbno\u00a0\u00bb type=\u00a0\u00bbfull_width\u00a0\u00bb angled_section=\u00a0\u00bbno\u00a0\u00bb text_align=\u00a0\u00bbleft\u00a0\u00bb background_image_as_pattern=\u00a0\u00bbwithout_pattern\u00a0\u00bb css_animation=\u00a0\u00bb\u00a0\u00bb][vc_column][vc_separator type=\u00a0\u00bbtransparent\u00a0\u00bb up=\u00a0\u00bb60&Prime;][\/vc_column][\/vc_row]<\/p>\n<\/div>","protected":false},"excerpt":{"rendered":"<p>[vc_row row_type=\u00a0\u00bbrow\u00a0\u00bb use_row_as_full_screen_section=\u00a0\u00bbno\u00a0\u00bb type=\u00a0\u00bbfull_width\u00a0\u00bb angled_section=\u00a0\u00bbno\u00a0\u00bb text_align=\u00a0\u00bbleft\u00a0\u00bb background_image_as_pattern=\u00a0\u00bbwithout_pattern\u00a0\u00bb css_animation=\u00a0\u00bb\u00a0\u00bb][vc_column][layerslider_vc id=\u00a0\u00bb40&Prime;][\/vc_column][\/vc_row][vc_row row_type=\u00a0\u00bbrow\u00a0\u00bb use_row_as_full_screen_section=\u00a0\u00bbno\u00a0\u00bb type=\u00a0\u00bbgrid\u00a0\u00bb angled_section=\u00a0\u00bbno\u00a0\u00bb text_align=\u00a0\u00bbleft\u00a0\u00bb background_image_as_pattern=\u00a0\u00bbwithout_pattern\u00a0\u00bb background_color=\u00a0\u00bb#ffffff\u00a0\u00bb css_animation=\u00a0\u00bb\u00a0\u00bb][vc_column][vc_separator type=\u00a0\u00bbtransparent\u00a0\u00bb up=\u00a0\u00bb40&Prime;][vc_column_text] Composites ate [\/vc_column_text][vc_separator type=\u00a0\u00bbtransparent\u00a0\u00bb up=\u00a0\u00bb20&Prime;][vc_column_text]Les fabricants de mat\u00e9riaux composites et d&rsquo;ing\u00e9nierie de produits depuis 1997. &nbsp; Avec une vaste exp\u00e9rience dans le d\u00e9veloppement des composites, nous&#8230;<\/p>\n","protected":false},"author":1,"featured_media":0,"parent":0,"menu_order":0,"comment_status":"closed","ping_status":"closed","template":"full_width.php","meta":{"_monsterinsights_skip_tracking":false,"_monsterinsights_sitenote_active":false,"_monsterinsights_sitenote_note":"","_monsterinsights_sitenote_category":0,"footnotes":""},"class_list":["post-1208","page","type-page","status-publish","hentry"],"_links":{"self":[{"href":"https:\/\/www.composites-ate.com\/fr\/wp-json\/wp\/v2\/pages\/1208","targetHints":{"allow":["GET"]}}],"collection":[{"href":"https:\/\/www.composites-ate.com\/fr\/wp-json\/wp\/v2\/pages"}],"about":[{"href":"https:\/\/www.composites-ate.com\/fr\/wp-json\/wp\/v2\/types\/page"}],"author":[{"embeddable":true,"href":"https:\/\/www.composites-ate.com\/fr\/wp-json\/wp\/v2\/users\/1"}],"replies":[{"embeddable":true,"href":"https:\/\/www.composites-ate.com\/fr\/wp-json\/wp\/v2\/comments?post=1208"}],"version-history":[{"count":3,"href":"https:\/\/www.composites-ate.com\/fr\/wp-json\/wp\/v2\/pages\/1208\/revisions"}],"predecessor-version":[{"id":1243,"href":"https:\/\/www.composites-ate.com\/fr\/wp-json\/wp\/v2\/pages\/1208\/revisions\/1243"}],"wp:attachment":[{"href":"https:\/\/www.composites-ate.com\/fr\/wp-json\/wp\/v2\/media?parent=1208"}],"curies":[{"name":"wp","href":"https:\/\/api.w.org\/{rel}","templated":true}]}}